{"id":222795,"date":"2025-08-28T15:57:48","date_gmt":"2025-08-28T13:57:48","guid":{"rendered":"https:\/\/sicotronic-de.stackstaging.com\/?page_id=222795"},"modified":"2025-08-28T15:58:34","modified_gmt":"2025-08-28T13:58:34","slug":"impressum","status":"publish","type":"page","link":"https:\/\/sicotronic.de\/en\/impressum\/","title":{"rendered":"Imprint"},"content":{"rendered":"<p>[et_pb_section fb_built=\u201c1\u2033 admin_label=\u201cBackground Animation\u201c module_id=\u201cde-snow-effect\u201c _builder_version=\u201c4.19.2\u2033 _module_preset=\u201cdefault\u201c background_color=\u201cRGBA(255,255,255,0)\u201c background_enable_image=\u201coff\u201c positioning=\u201cfixed\u201c position_origin_a=\u201ctop_center\u201c z_index=\u201c2\u2033 min_height_tablet=\u201c100%\u201c min_height_phone=\u201c80%\u201c min_height_last_edited=\u201coff|desktop\u201c overflow-x=\u201chidden\u201c overflow-y=\u201chidden\u201c custom_margin=\u201c0px||0px||false|false\u201c custom_padding=\u201c0px||0px||false|false\u201c locked=\u201coff\u201c global_colors_info=\u201c{}\u201c][et_pb_row _builder_version=\u201c4.19.2\u2033 _module_preset=\u201cdefault\u201c width=\u201c100%\u201c max_width=\u201c100%\u201c min_height=\u201c100%\u201c custom_margin=\u201c0px|0px|0px|0px|0px|false|false\u201c custom_padding=\u201c0px|0px|0px|0px|false|false\u201c global_colors_info=\u201c{}\u201c][et_pb_column type=\u201c4_4\u2033 _builder_version=\u201c4.16.0\u2033 _module_preset=\u201cdefault\u201c global_colors_info=\u201c{}\u201c][et_pb_code _builder_version=\u201c4.19.2\u2033 _module_preset=\u201cdefault\u201c global_colors_info=\u201c{}\u201c]<script><!-- [et_pb_line_break_holder] -->document.addEventListener('DOMContentLoaded', function(){<!-- [et_pb_line_break_holder] -->    var script = document.createElement('script');<!-- [et_pb_line_break_holder] -->    script.src = 'https:\/\/cdn.jsdelivr.net\/particles.js\/2.0.0\/particles.min.js';<!-- [et_pb_line_break_holder] -->    script.onload = function(){<!-- [et_pb_line_break_holder] -->        particlesJS(\"de-snow-effect\", {<!-- [et_pb_line_break_holder] -->  \"particles\": {<!-- [et_pb_line_break_holder] -->    \"number\": {<!-- [et_pb_line_break_holder] -->      \"value\": 30,<!-- [et_pb_line_break_holder] -->      \"density\": {<!-- [et_pb_line_break_holder] -->        \"enable\": true,<!-- [et_pb_line_break_holder] -->        \"value_area\": 800<!-- [et_pb_line_break_holder] -->      }<!-- [et_pb_line_break_holder] -->    },<!-- [et_pb_line_break_holder] -->    \"color\": {<!-- [et_pb_line_break_holder] -->      \"value\": [\"#3399cc\",\"#336666\"]<!-- [et_pb_line_break_holder] -->    },<!-- [et_pb_line_break_holder] -->    \"shape\": {<!-- [et_pb_line_break_holder] -->      \"type\": \"circle\",<!-- [et_pb_line_break_holder] -->      \"stroke\": {<!-- [et_pb_line_break_holder] -->        \"width\": 0,<!-- [et_pb_line_break_holder] -->        \"color\": \"#000000\"<!-- [et_pb_line_break_holder] -->      },<!-- [et_pb_line_break_holder] -->      \"polygon\": {<!-- [et_pb_line_break_holder] -->        \"nb_sides\": 5<!-- [et_pb_line_break_holder] -->      },<!-- [et_pb_line_break_holder] -->      \"image\": {<!-- [et_pb_line_break_holder] -->        \"src\": \"img\/github.svg\",<!-- [et_pb_line_break_holder] -->        \"width\": 100,<!-- [et_pb_line_break_holder] -->        \"height\": 100<!-- [et_pb_line_break_holder] -->      }<!-- [et_pb_line_break_holder] -->    },<!-- [et_pb_line_break_holder] -->    \"opacity\": {<!-- [et_pb_line_break_holder] -->      \"value\": 0.4,<!-- [et_pb_line_break_holder] -->      \"random\": false,<!-- [et_pb_line_break_holder] -->      \"anim\": {<!-- [et_pb_line_break_holder] -->        \"enable\": true,<!-- [et_pb_line_break_holder] -->        \"speed\": 0.2,<!-- [et_pb_line_break_holder] -->        \"opacity_min\": 0.1,<!-- [et_pb_line_break_holder] -->        \"sync\": false<!-- [et_pb_line_break_holder] -->      }<!-- [et_pb_line_break_holder] -->    },<!-- [et_pb_line_break_holder] -->    \"size\": {<!-- [et_pb_line_break_holder] -->      \"value\": 12,<!-- [et_pb_line_break_holder] -->      \"random\": true,<!-- [et_pb_line_break_holder] -->      \"anim\": {<!-- [et_pb_line_break_holder] -->        \"enable\": false,<!-- [et_pb_line_break_holder] -->        \"speed\": 40,<!-- [et_pb_line_break_holder] -->        \"size_min\": 4,<!-- [et_pb_line_break_holder] -->        \"sync\": false<!-- [et_pb_line_break_holder] -->      }<!-- [et_pb_line_break_holder] -->    },<!-- [et_pb_line_break_holder] -->    \"line_linked\": {<!-- [et_pb_line_break_holder] -->      \"enable\": true,<!-- [et_pb_line_break_holder] -->      \"distance\": 160,<!-- [et_pb_line_break_holder] -->      \"color\": \"#a2a2a2\",<!-- [et_pb_line_break_holder] -->      \"opacity\": 0.6,<!-- [et_pb_line_break_holder] -->      \"width\": 1<!-- [et_pb_line_break_holder] -->    },<!-- [et_pb_line_break_holder] -->    \"move\": {<!-- [et_pb_line_break_holder] -->      \"enable\": true,<!-- [et_pb_line_break_holder] -->      \"speed\": 1,<!-- [et_pb_line_break_holder] -->      \"direction\": \"up\",<!-- [et_pb_line_break_holder] -->      \"random\": false,<!-- [et_pb_line_break_holder] -->      \"straight\": false,<!-- [et_pb_line_break_holder] -->      \"out_mode\": \"out\",<!-- [et_pb_line_break_holder] -->      \"bounce\": false,<!-- [et_pb_line_break_holder] -->      \"attract\": {<!-- [et_pb_line_break_holder] -->        \"enable\": false,<!-- [et_pb_line_break_holder] -->        \"rotateX\": 600,<!-- [et_pb_line_break_holder] -->        \"rotateY\": 1200<!-- [et_pb_line_break_holder] -->      }<!-- [et_pb_line_break_holder] -->    }<!-- [et_pb_line_break_holder] -->  },<!-- [et_pb_line_break_holder] -->  \"interactivity\": {<!-- [et_pb_line_break_holder] -->    \"detect_on\": \"canvas\",<!-- [et_pb_line_break_holder] -->    \"events\": {<!-- [et_pb_line_break_holder] -->      \"onhover\": {<!-- [et_pb_line_break_holder] -->        \"enable\": true,<!-- [et_pb_line_break_holder] -->        \"mode\": \"grab\"<!-- [et_pb_line_break_holder] -->      },<!-- [et_pb_line_break_holder] -->      \"onclick\": {<!-- [et_pb_line_break_holder] -->        \"enable\": false,<!-- [et_pb_line_break_holder] -->        \"mode\": \"push\"<!-- [et_pb_line_break_holder] -->      },<!-- [et_pb_line_break_holder] -->      \"resize\": true<!-- [et_pb_line_break_holder] -->    },<!-- [et_pb_line_break_holder] -->    \"modes\": {<!-- [et_pb_line_break_holder] -->      \"grab\": {<!-- [et_pb_line_break_holder] -->        \"distance\": 400,<!-- [et_pb_line_break_holder] -->        \"line_linked\": {<!-- [et_pb_line_break_holder] -->          \"opacity\": 1<!-- [et_pb_line_break_holder] -->        }<!-- [et_pb_line_break_holder] -->      },<!-- [et_pb_line_break_holder] -->      \"bubble\": {<!-- [et_pb_line_break_holder] -->        \"distance\": 400,<!-- [et_pb_line_break_holder] -->        \"size\": 40,<!-- [et_pb_line_break_holder] -->        \"duration\": 2,<!-- [et_pb_line_break_holder] -->        \"opacity\": 8,<!-- [et_pb_line_break_holder] -->        \"speed\": 3<!-- [et_pb_line_break_holder] -->      },<!-- [et_pb_line_break_holder] -->      \"repulse\": {<!-- [et_pb_line_break_holder] -->        \"distance\": 200,<!-- [et_pb_line_break_holder] -->        \"duration\": 0.4<!-- [et_pb_line_break_holder] -->      },<!-- [et_pb_line_break_holder] -->      \"push\": {<!-- [et_pb_line_break_holder] -->        \"particles_nb\": 4<!-- [et_pb_line_break_holder] -->      },<!-- [et_pb_line_break_holder] -->      \"remove\": {<!-- [et_pb_line_break_holder] -->        \"particles_nb\": 2<!-- [et_pb_line_break_holder] -->      }<!-- [et_pb_line_break_holder] -->    }<!-- [et_pb_line_break_holder] -->  },<!-- [et_pb_line_break_holder] -->  \"retina_detect\": true<!-- [et_pb_line_break_holder] -->});<!-- [et_pb_line_break_holder] -->    }<!-- [et_pb_line_break_holder] -->    document.head.append(script);<!-- [et_pb_line_break_holder] -->});<!-- [et_pb_line_break_holder] --><\/script><!-- [et_pb_line_break_holder] --><!-- [et_pb_line_break_holder] -->[\/et_pb_code][\/et_pb_column][\/et_pb_row][\/et_pb_section][et_pb_section fb_built=\u201c1\u2033 admin_label=\u201cHeader\u201c _builder_version=\u201c4.19.2\u2033 _module_preset=\u201cdefault\u201c background_color=\u201cRGBA(255,255,255,0)\u201c use_background_color_gradient=\u201con\u201c background_color_gradient_stops=\u201crgba(255,255,255,255,0.56) 0%|rgba(255,255,255,0.61) 46%|#ffffffff 100%\u201c background_color_gradient_overlays_image=\u201con\u201c background_image=\u201chttps:\/\/sicotronic.de\/wp-content\/uploads\/2023\/02\/Fuse.jpg\u201c parallax=\u201con\u201c background_enable_mask_style=\u201con\u201c background_mask_style=\u201ccorner-square\u201c z_index=\u201c1\u2033 min_height_tablet=\u201c100vh\u201c min_height_phone=\u201c50px\u201c min_height_last_edited=\u201coff|desktop\u201c overflow-x=\u201chidden\u201c overflow-y=\u201chidden\u201c custom_margin=\u201c||0px||false|false\u201c custom_padding=\u201c||0px||false|false\u201c locked=\u201coff\u201c global_colors_info=\u201c{}\u201c][et_pb_row make_equal=\u201con\u201c admin_label=\u201cImage\u201c _builder_version=\u201c4.19.2\u2033 _module_preset=\u201cdefault\u201c use_background_color_gradient=\u201con\u201c background_color_gradient_stops=\u201crgba(0,0,0,0.6) 0%|rgba(0,0,0,0.6) 100%\u201c background_color_gradient_overlays_image=\u201con\u201c background_image=\u201chttps:\/\/sicotronic.en\/wp-content\/uploads\/2023\/02\/Fuse.jpg\u201c min_height=\u201c400px\u201c min_height_tablet=\u201c400px\u201c min_height_phone=\u201c260px\u201c min_height_last_edited=\u201con|phone\u201c animation_style=\u201cslide\u201c animation_direction=\u201cbottom\u201c animation_duration=\u201c600ms\u201c animation_delay=\u201c-250ms\u201c animation_intensity_slide=\u201c100%\u201c animation_starting_opacity=\u201c100%\u201c custom_css_main_element=\u201cmargin: auto;||align-items: centre;||display: flex; flex-direction: column; justify-content: centre;\u201c border_radii=\u201con|18px|18px|18px|18px\u201c border_color_all=\u201c#ffffff\u201c global_colors_info=\u201c{}\u201c][et_pb_column type=\u201c4_4\u2033 _builder_version=\u201c4.19.2\u2033 _module_preset=\u201cdefault\u201c global_colors_info=\u201c{}\u201c][et_pb_text module_class=\u201cheading-green\u201c _builder_version=\u201c4.19.2\u2033 _module_preset=\u201cdefault\u201c header_text_align=\u201ccentre\u201c header_text_color=\u201c#ffffffff\u201c header_font_size=\u201c3.5vw\u201c custom_margin=\u201c||1px|||\u201c animation_style=\u201cslide\u201c animation_direction=\u201cbottom\u201c animation_duration=\u201c700ms\u201c animation_intensity_slide=\u201c100%\u201c header_font_size_tablet=\u201c40px\u201c header_font_size_phone=\u201c30px\u201c header_font_size_last_edited=\u201con|desktop\u201c locked=\u201coff\u201c global_colors_info=\u201c{}\u201c]<\/p>\n<h1><b>Imprint<\/b><\/h1>\n<p>[\/et_pb_text][\/et_pb_column][\/et_pb_row][\/et_pb_section][et_pb_section fb_built=&#8220;1&#8243; admin_label=&#8220;Scroll&#8220; _builder_version=&#8220;4.19.2&#8243; _module_preset=&#8220;default&#8220; background_color=&#8220;#ffffff&#8220; z_index=&#8220;11&#8243; width=&#8220;170px&#8220; max_width=&#8220;170%&#8220; module_alignment=&#8220;center&#8220; custom_margin=&#8220;-55px||||false|false&#8220; custom_padding=&#8220;18px||||false|false&#8220; border_radii=&#8220;on|100px|100px|100px|100px&#8220; global_colors_info=&#8220;{}&#8220;][et_pb_row admin_label=&#8220;scroll&#8220; _builder_version=&#8220;4.19.2&#8243; background_color=&#8220;RGBA(255,255,255,0)&#8220; width=&#8220;30px&#8220; height=&#8220;60px&#8220; overflow-x=&#8220;visible&#8220; overflow-y=&#8220;visible&#8220; link_option_url=&#8220;#section-2&#8243; scroll_fade=&#8220;0|39|39|80|100%|50%|0%&#8220; border_radii=&#8220;on|16px|16px|16px|16px&#8220; border_width_all=&#8220;1px&#8220; border_color_all=&#8220;#282943&#8243; locked=&#8220;off&#8220; global_colors_info=&#8220;{}&#8220;][et_pb_column type=&#8220;4_4&#8243; _builder_version=&#8220;4.16&#8243; global_colors_info=&#8220;{}&#8220;][et_pb_blurb use_icon=&#8220;on&#8220; font_icon=&#8220;&#x5b;||divi||400&#8243; icon_color=&#8220;#282943&#8243; image_icon_width=&#8220;15px&#8220; _builder_version=&#8220;4.19.2&#8243; animation_style=&#8220;slide&#8220; animation_direction=&#8220;top&#8220; animation_duration=&#8220;1200ms&#8220; animation_repeat=&#8220;loop&#8220; animation=&#8220;off&#8220; custom_css_blurb_image=&#8220;margin-bottom: 0px;&#8220; icon_font_size=&#8220;15px&#8220; global_colors_info=&#8220;{}&#8220;][\/et_pb_blurb][et_pb_text module_class=&#8220;scroll&#8220; _builder_version=&#8220;4.19.2&#8243; text_text_color=&#8220;#282943&#8243; text_orientation=&#8220;center&#8220; width=&#8220;90px&#8220; custom_margin=&#8220;28px|||-30px|false|false&#8220; global_colors_info=&#8220;{}&#8220;]scroll<br \/>\n[\/et_pb_text][\/et_pb_column][\/et_pb_row][\/et_pb_section][et_pb_section fb_built=&#8220;1&#8243; _builder_version=&#8220;4.27.4&#8243; _module_preset=&#8220;default&#8220; background_color=&#8220;rgba(255,255,255,0.2)&#8220; z_index=&#8220;7&#8243; custom_margin=&#8220;-70px||0px||false|false&#8220; custom_padding=&#8220;||143px||false|false&#8220; custom_css_main_element=&#8220;-webkit-backdrop-filter: saturate(200%) blur(8px);||backdrop-filter: saturate(200%) blur(8px);&#8220; global_colors_info=&#8220;{}&#8220;][et_pb_row _builder_version=&#8220;4.27.4&#8243; _module_preset=&#8220;default&#8220; width_tablet=&#8220;&#8220; width_phone=&#8220;95%&#8220; width_last_edited=&#8220;on|phone&#8220; hover_enabled=&#8220;0&#8243; global_colors_info=&#8220;{}&#8220; sticky_enabled=&#8220;0&#8243;][et_pb_column type=&#8220;4_4&#8243; _builder_version=&#8220;4.19.2&#8243; _module_preset=&#8220;default&#8220; global_colors_info=&#8220;{}&#8220;][et_pb_text _builder_version=&#8220;4.19.2&#8243; _module_preset=&#8220;5ff55506-da7d-4dd7-b409-9d62c7203201&#8243; text_font=&#8220;Lexend|300|||||||&#8220; text_text_color=&#8220;#282943&#8243; text_font_size=&#8220;21px&#8220; text_line_height=&#8220;1.8em&#8220; custom_padding=&#8220;||10px||false|false&#8220; text_font_size_tablet=&#8220;18px&#8220; text_font_size_phone=&#8220;16px&#8220; text_font_size_last_edited=&#8220;on|phone&#8220; header_font_size_tablet=&#8220;55px&#8220; header_font_size_last_edited=&#8220;off|desktop&#8220; locked=&#8220;off&#8220; global_colors_info=&#8220;{}&#8220;]<\/p>\n<h2><\/h2>\n<p class=\"p1\">\n<h1><b>Imprint<\/b><\/h1>\n<p>&nbsp;<\/p>\n<p class=\"p1\">\n<h2><b><\/b><\/h2>\n<p class=\"p1\"><b>Imprint<\/b><b><\/b><\/p>\n<p class=\"p2\">\n<p class=\"p1\"><b>SICOTRONIC GmbH &amp; Co. KG<\/b><b><\/b><\/p>\n<p class=\"p3\">Otto-Hahn-Str. 34<\/p>\n<p class=\"p3\">85521 Riemerling \/ Munich<\/p>\n<p class=\"p3\">Germany<\/p>\n<p class=\"p2\">\n<p class=\"p3\">Phone: +49 (0)89 95 93 97 - 0<\/p>\n<p class=\"p3\">E-mail: info@sicotronic.de<\/p>\n<p class=\"p3\">Web: www.sicotronic.de <span class=\"s1\"><\/span><span class=\"s1\"><\/span><span class=\"s1\"><\/span><\/p>\n<p class=\"p2\">\n<p class=\"p3\">Represented by:<\/p>\n<p class=\"p3\">SICOTRONIC Verwaltungs GmbH, represented by the managing director.<\/p>\n<p class=\"p2\">\n<p class=\"p3\"><span class=\"s2\"><b>Commercial register<\/b><\/span>: Munich Local Court<\/p>\n<p class=\"p3\"><span class=\"s2\"><b>Legal form<\/b><\/span>: GmbH &amp; Co. KG<\/p>\n<p class=\"p2\">\n<p class=\"p1\"><b>Value added tax identification number in accordance with \u00a7 27 a of the Value Added Tax Act<\/b><span class=\"s3\">DE355126334<\/span><span class=\"s3\"><\/span><\/p>\n<p class=\"p2\">\n<p class=\"p1\"><b>Responsible for content according to \u00a7 55 Abs. 2 RStV<\/b><span class=\"s3\">:<\/span><\/p>\n<p class=\"p3\">Robin Wittke <span class=\"s1\"><\/span><\/p>\n<p class=\"p3\">\n<p>&nbsp;<\/p>\n<p>[\/et_pb_text][\/et_pb_column][\/et_pb_row][\/et_pb_section]<\/p>","protected":false},"excerpt":{"rendered":"<p>Impressumscroll Impressum &nbsp; Impressum SICOTRONIC GmbH &amp; Co. KG Otto-Hahn-Str. 34 85521 Riemerling \/ M\u00fcnchen Deutschland Telefon: +49 (0)89 95 93 97 \u2013 0 E-Mail: info@sicotronic.de Web: www.sicotronic.de Vertreten durch: Die SICOTRONIC Verwaltungs GmbH, diese vertreten durch den Gesch\u00e4ftsf\u00fchrer. Handelsregister: Amtsgericht M\u00fcnchen Rechtsform: GmbH &amp; Co. KG Umsatzsteuer-Identifikationsnummer gem\u00e4\u00df \u00a7 27 a Umsatzsteuergesetz: DE355126334 Inhaltlich [&hellip;]<\/p>","protected":false},"author":8,"featured_media":0,"parent":0,"menu_order":0,"comment_status":"closed","ping_status":"closed","template":"","meta":{"_acf_changed":false,"_et_pb_use_builder":"on","_et_pb_old_content":"<!-- wp:heading -->\r\n<h2>Who we are<\/h2>\r\n<!-- \/wp:heading -->\r\n\r\n<!-- wp:paragraph -->\r\n<p>Our website address is: https:\/\/sicotronic.de.<\/p>\r\n<!-- \/wp:paragraph -->\r\n\r\n<!-- wp:heading -->\r\n<h2>Cookies<\/h2>\r\n<!-- \/wp:heading -->\r\n\r\n<!-- wp:paragraph -->\r\n<p>If you visit our login page, we will set a temporary cookie to determine if your browser accepts cookies. This cookie contains no personal data and is discarded when you close your browser.<\/p>\r\n<!-- \/wp:paragraph -->\r\n\r\n<!-- wp:paragraph -->\r\n<p>When you log in, we will also set up several cookies to save your login information and your screen display choices. Login cookies last for two days, and screen options cookies last for a year. If you select \"Remember Me\", your login will persist for two weeks. If you log out of your account, the login cookies will be removed.<\/p>\r\n<!-- \/wp:paragraph -->\r\n\r\n<!-- wp:paragraph -->\r\n<p>If you edit or publish an article, an additional cookie will be saved in your browser. This cookie includes no personal data and simply indicates the post ID of the article you just edited. It expires after 1 day.<\/p>\r\n<!-- \/wp:paragraph -->\r\n\r\n<!-- wp:heading -->\r\n<h2>Embedded content from other websites<\/h2>\r\n<!-- \/wp:heading -->\r\n\r\n<!-- wp:paragraph -->\r\n<p>Pages on this site may include embedded content (e.g. videos, images, articles, etc.). Embedded content from other websites behaves in the exact same way as if the visitor has visited the other website.<\/p>\r\n<!-- \/wp:paragraph -->\r\n\r\n<!-- wp:paragraph -->\r\n<p>These websites may collect data about you, use cookies, embed additional third-party tracking, and monitor your interaction with that embedded content, including tracking your interaction with the embedded content if you have an account and are logged in to that website.<\/p>\r\n<!-- \/wp:paragraph -->\r\n\r\n<!-- wp:heading -->\r\n<h2>Who we share your data with<\/h2>\r\n<!-- \/wp:heading -->\r\n\r\n<!-- wp:paragraph -->\r\n<p>If you request a password reset, your IP address will be included in the reset email.<\/p>\r\n<!-- \/wp:paragraph -->\r\n\r\n<!-- wp:heading -->\r\n<h2>How long we retain your data<\/h2>\r\n<!-- \/wp:heading -->\r\n\r\n<!-- wp:paragraph -->\r\n<p>For users that register on our website (if any), we also store the personal information they provide in their user profile. All users can see, edit, or delete their personal information at any time (except they cannot change their username). Website administrators can also see and edit that information.<\/p>\r\n<!-- \/wp:paragraph -->\r\n\r\n<!-- wp:heading -->\r\n<h2>What rights you have over your data<\/h2>\r\n<!-- \/wp:heading -->\r\n\r\n<!-- wp:paragraph -->\r\n<p>If you have an account on this site, you can request to receive an exported file of the personal data we hold about you, including any data you have provided to us. You can also request that we erase any personal data we hold about you. This does not include any data we are obliged to keep for administrative, legal, or security purposes.<\/p>\r\n<!-- \/wp:paragraph -->\r\n\r\n<!-- wp:heading -->\r\n<h2>Where your data is sent<\/h2>\r\n<!-- \/wp:heading -->\r\n\r\n<!-- wp:paragraph -->\r\n<p>Contact Forms completed will be forwarded only to our company email address and will not be shared with any third parties.<\/p>\r\n<!-- \/wp:paragraph -->\r\n\r\n<!-- wp:paragraph -->\r\n<p>Newsletter signup - newsletters are handled by a third-party who may collect data about you, use cookies, embed additional third-party tracking, and monitor your interaction with that embedded content, including tracking your interaction with the embedded content. Please note you can unsubscribe at anytime to be removed from our mailing list.<\/p>\r\n<!-- \/wp:paragraph -->","_et_gb_content_width":"","inline_featured_image":false,"footnotes":""},"class_list":["post-222795","page","type-page","status-publish","hentry"],"acf":[],"_links":{"self":[{"href":"https:\/\/sicotronic.de\/en\/wp-json\/wp\/v2\/pages\/222795","targetHints":{"allow":["GET"]}}],"collection":[{"href":"https:\/\/sicotronic.de\/en\/wp-json\/wp\/v2\/pages"}],"about":[{"href":"https:\/\/sicotronic.de\/en\/wp-json\/wp\/v2\/types\/page"}],"author":[{"embeddable":true,"href":"https:\/\/sicotronic.de\/en\/wp-json\/wp\/v2\/users\/8"}],"replies":[{"embeddable":true,"href":"https:\/\/sicotronic.de\/en\/wp-json\/wp\/v2\/comments?post=222795"}],"version-history":[{"count":4,"href":"https:\/\/sicotronic.de\/en\/wp-json\/wp\/v2\/pages\/222795\/revisions"}],"predecessor-version":[{"id":222800,"href":"https:\/\/sicotronic.de\/en\/wp-json\/wp\/v2\/pages\/222795\/revisions\/222800"}],"wp:attachment":[{"href":"https:\/\/sicotronic.de\/en\/wp-json\/wp\/v2\/media?parent=222795"}],"curies":[{"name":"wp","href":"https:\/\/api.w.org\/{rel}","templated":true}]}}